{"id":8489,"date":"2021-11-09T12:28:50","date_gmt":"2021-11-09T10:28:50","guid":{"rendered":"https:\/\/www.lasonrisadesienna.es\/tienda\/?post_type=product&#038;p=8489"},"modified":"2025-09-19T10:47:09","modified_gmt":"2025-09-19T08:47:09","slug":"pijama-dos-piezas-rosa-inicial-nombre","status":"publish","type":"product","link":"https:\/\/www.lasonrisadesienna.es\/tienda\/product\/pijama-dos-piezas-rosa-inicial-nombre\/","title":{"rendered":"PIJAMA dos piezas ROSA INICIAL + NOMBRE"},"content":{"rendered":"","protected":false},"excerpt":{"rendered":"<div class=\"v-csslayout v-layout v-widget iwps_text_box v-csslayout-iwps_text_box v-has-width v-has-height\">\n<div id=\"b0p1o6334i0i0r1\" class=\"v-label v-widget text v-label-text inner_border v-label-inner_border v-has-width v-has-height\">\n<h3><strong><span style=\"color: #ff0000;\">SUPER OFERTA POR LIQUIDACI\u00d3N!!<\/span><\/strong><\/h3>\n<h3><strong>Pijama muy especial\u00a0con su inicial y nombre.<\/strong><\/h3>\n<h4 class=\"fm-text-paragraph\"><span class=\"fm-text-character\">&#8211; Camiseta con frontal impreso en poli\u00e9ster, cuello redondo y mangas ranglan a contraste en 100% algod\u00f3n.\u00a0<\/span><\/h4>\n<h4 class=\"fm-text-paragraph\">&#8211; Pantal\u00f3n\u00a0con cintura el\u00e1stica\u00a0y pu\u00f1os el\u00e1sticos en el bajo. 100% Algod\u00f3n.<\/h4>\n<\/div>\n<\/div>\n","protected":false},"featured_media":8561,"template":"","meta":{"_joinchat":[]},"product_brand":[],"product_cat":[456,367,773,127,468,737],"product_tag":[],"class_list":{"0":"post-8489","1":"product","2":"type-product","3":"status-publish","4":"has-post-thumbnail","6":"product_cat-navidad","7":"product_cat-outlet","8":"product_cat-para-peques","9":"product_cat-pijamas","10":"product_cat-pijamas-navidad","11":"product_cat-regalos-personalizados","13":"first","14":"instock","15":"sale","16":"taxable","17":"shipping-taxable","18":"purchasable","19":"product-type-variable"},"yoast_head":"<!-- This site is optimized with the Yoast SEO plugin v24.2 - https:\/\/yoast.com\/wordpress\/plugins\/seo\/ -->\n<title>PIJAMA dos piezas ROSA INICIAL + NOMBRE - La Sonrisa de Sienna<\/title>\n<meta name=\"robots\" content=\"index, follow, max-snippet:-1, max-image-preview:large, max-video-preview:-1\" \/>\n<link rel=\"canonical\" href=\"https:\/\/www.lasonrisadesienna.es\/tienda\/product\/pijama-dos-piezas-rosa-inicial-nombre\/\" \/>\n<meta property=\"og:locale\" content=\"es_ES\" \/>\n<meta property=\"og:type\" content=\"article\" \/>\n<meta property=\"og:title\" content=\"PIJAMA dos piezas ROSA INICIAL + NOMBRE - La Sonrisa de Sienna\" \/>\n<meta property=\"og:description\" content=\"SUPER OFERTA POR LIQUIDACI\u00d3N!! Pijama muy especial\u00a0con su inicial y nombre. - Camiseta con frontal impreso en poli\u00e9ster, cuello redondo y mangas ranglan a contraste en 100% algod\u00f3n.\u00a0 - Pantal\u00f3n\u00a0con cintura el\u00e1stica\u00a0y pu\u00f1os el\u00e1sticos en el bajo. 100% Algod\u00f3n.\" \/>\n<meta property=\"og:url\" content=\"https:\/\/www.lasonrisadesienna.es\/tienda\/product\/pijama-dos-piezas-rosa-inicial-nombre\/\" \/>\n<meta property=\"og:site_name\" content=\"La Sonrisa de Sienna\" \/>\n<meta property=\"article:publisher\" content=\"https:\/\/www.facebook.com\/lasonrisadesienna\/\" \/>\n<meta property=\"article:modified_time\" content=\"2025-09-19T08:47:09+00:00\" \/>\n<meta property=\"og:image\" content=\"https:\/\/www.lasonrisadesienna.es\/tienda\/wp-content\/uploads\/2021\/11\/IMG_1955.jpg\" \/>\n\t<meta property=\"og:image:width\" content=\"2024\" \/>\n\t<meta property=\"og:image:height\" content=\"2024\" \/>\n\t<meta property=\"og:image:type\" content=\"image\/jpeg\" \/>\n<meta name=\"twitter:card\" content=\"summary_large_image\" \/>\n<meta name=\"twitter:label1\" content=\"Tiempo de lectura\" \/>\n\t<meta name=\"twitter:data1\" content=\"1 minuto\" \/>\n<script type=\"application\/ld+json\" class=\"yoast-schema-graph\">{\"@context\":\"https:\/\/schema.org\",\"@graph\":[{\"@type\":\"WebPage\",\"@id\":\"https:\/\/www.lasonrisadesienna.es\/tienda\/product\/pijama-dos-piezas-rosa-inicial-nombre\/\",\"url\":\"https:\/\/www.lasonrisadesienna.es\/tienda\/product\/pijama-dos-piezas-rosa-inicial-nombre\/\",\"name\":\"PIJAMA dos piezas ROSA INICIAL + NOMBRE - La Sonrisa de Sienna\",\"isPartOf\":{\"@id\":\"https:\/\/www.lasonrisadesienna.es\/tienda\/#website\"},\"primaryImageOfPage\":{\"@id\":\"https:\/\/www.lasonrisadesienna.es\/tienda\/product\/pijama-dos-piezas-rosa-inicial-nombre\/#primaryimage\"},\"image\":{\"@id\":\"https:\/\/www.lasonrisadesienna.es\/tienda\/product\/pijama-dos-piezas-rosa-inicial-nombre\/#primaryimage\"},\"thumbnailUrl\":\"https:\/\/www.lasonrisadesienna.es\/tienda\/wp-content\/uploads\/2021\/11\/IMG_1955.jpg\",\"datePublished\":\"2021-11-09T10:28:50+00:00\",\"dateModified\":\"2025-09-19T08:47:09+00:00\",\"breadcrumb\":{\"@id\":\"https:\/\/www.lasonrisadesienna.es\/tienda\/product\/pijama-dos-piezas-rosa-inicial-nombre\/#breadcrumb\"},\"inLanguage\":\"es\",\"potentialAction\":[{\"@type\":\"ReadAction\",\"target\":[\"https:\/\/www.lasonrisadesienna.es\/tienda\/product\/pijama-dos-piezas-rosa-inicial-nombre\/\"]}]},{\"@type\":\"ImageObject\",\"inLanguage\":\"es\",\"@id\":\"https:\/\/www.lasonrisadesienna.es\/tienda\/product\/pijama-dos-piezas-rosa-inicial-nombre\/#primaryimage\",\"url\":\"https:\/\/www.lasonrisadesienna.es\/tienda\/wp-content\/uploads\/2021\/11\/IMG_1955.jpg\",\"contentUrl\":\"https:\/\/www.lasonrisadesienna.es\/tienda\/wp-content\/uploads\/2021\/11\/IMG_1955.jpg\",\"width\":2024,\"height\":2024},{\"@type\":\"BreadcrumbList\",\"@id\":\"https:\/\/www.lasonrisadesienna.es\/tienda\/product\/pijama-dos-piezas-rosa-inicial-nombre\/#breadcrumb\",\"itemListElement\":[{\"@type\":\"ListItem\",\"position\":1,\"name\":\"Portada\",\"item\":\"https:\/\/www.lasonrisadesienna.es\/tienda\/\"},{\"@type\":\"ListItem\",\"position\":2,\"name\":\"Tienda2\",\"item\":\"https:\/\/www.lasonrisadesienna.es\/tienda\/tienda2\/\"},{\"@type\":\"ListItem\",\"position\":3,\"name\":\"PIJAMA dos piezas ROSA INICIAL + NOMBRE\"}]},{\"@type\":\"WebSite\",\"@id\":\"https:\/\/www.lasonrisadesienna.es\/tienda\/#website\",\"url\":\"https:\/\/www.lasonrisadesienna.es\/tienda\/\",\"name\":\"La Sonrisa de Sienna\",\"description\":\"\",\"publisher\":{\"@id\":\"https:\/\/www.lasonrisadesienna.es\/tienda\/#organization\"},\"potentialAction\":[{\"@type\":\"SearchAction\",\"target\":{\"@type\":\"EntryPoint\",\"urlTemplate\":\"https:\/\/www.lasonrisadesienna.es\/tienda\/?s={search_term_string}\"},\"query-input\":{\"@type\":\"PropertyValueSpecification\",\"valueRequired\":true,\"valueName\":\"search_term_string\"}}],\"inLanguage\":\"es\"},{\"@type\":\"Organization\",\"@id\":\"https:\/\/www.lasonrisadesienna.es\/tienda\/#organization\",\"name\":\"La Sonrisa de Sienna\",\"url\":\"https:\/\/www.lasonrisadesienna.es\/tienda\/\",\"logo\":{\"@type\":\"ImageObject\",\"inLanguage\":\"es\",\"@id\":\"https:\/\/www.lasonrisadesienna.es\/tienda\/#\/schema\/logo\/image\/\",\"url\":\"https:\/\/www.lasonrisadesienna.es\/tienda\/wp-content\/uploads\/2020\/01\/cropped-cropped-logo-sonrisa-alta-calidad-e1580066919446.png\",\"contentUrl\":\"https:\/\/www.lasonrisadesienna.es\/tienda\/wp-content\/uploads\/2020\/01\/cropped-cropped-logo-sonrisa-alta-calidad-e1580066919446.png\",\"width\":512,\"height\":512,\"caption\":\"La Sonrisa de Sienna\"},\"image\":{\"@id\":\"https:\/\/www.lasonrisadesienna.es\/tienda\/#\/schema\/logo\/image\/\"},\"sameAs\":[\"https:\/\/www.facebook.com\/lasonrisadesienna\/\",\"https:\/\/www.pinterest.es\/lasonrisadesienna\/\",\"https:\/\/www.instagram.com\/lasonrisadesienna\/\"]}]}<\/script>\n<!-- \/ Yoast SEO plugin. -->","yoast_head_json":{"title":"PIJAMA dos piezas ROSA INICIAL + NOMBRE - La Sonrisa de Sienna","robots":{"index":"index","follow":"follow","max-snippet":"max-snippet:-1","max-image-preview":"max-image-preview:large","max-video-preview":"max-video-preview:-1"},"canonical":"https:\/\/www.lasonrisadesienna.es\/tienda\/product\/pijama-dos-piezas-rosa-inicial-nombre\/","og_locale":"es_ES","og_type":"article","og_title":"PIJAMA dos piezas ROSA INICIAL + NOMBRE - La Sonrisa de Sienna","og_description":"SUPER OFERTA POR LIQUIDACI\u00d3N!! Pijama muy especial\u00a0con su inicial y nombre. - Camiseta con frontal impreso en poli\u00e9ster, cuello redondo y mangas ranglan a contraste en 100% algod\u00f3n.\u00a0 - Pantal\u00f3n\u00a0con cintura el\u00e1stica\u00a0y pu\u00f1os el\u00e1sticos en el bajo. 100% Algod\u00f3n.","og_url":"https:\/\/www.lasonrisadesienna.es\/tienda\/product\/pijama-dos-piezas-rosa-inicial-nombre\/","og_site_name":"La Sonrisa de Sienna","article_publisher":"https:\/\/www.facebook.com\/lasonrisadesienna\/","article_modified_time":"2025-09-19T08:47:09+00:00","og_image":[{"width":2024,"height":2024,"url":"https:\/\/www.lasonrisadesienna.es\/tienda\/wp-content\/uploads\/2021\/11\/IMG_1955.jpg","type":"image\/jpeg"}],"twitter_card":"summary_large_image","twitter_misc":{"Tiempo de lectura":"1 minuto"},"schema":{"@context":"https:\/\/schema.org","@graph":[{"@type":"WebPage","@id":"https:\/\/www.lasonrisadesienna.es\/tienda\/product\/pijama-dos-piezas-rosa-inicial-nombre\/","url":"https:\/\/www.lasonrisadesienna.es\/tienda\/product\/pijama-dos-piezas-rosa-inicial-nombre\/","name":"PIJAMA dos piezas ROSA INICIAL + NOMBRE - La Sonrisa de Sienna","isPartOf":{"@id":"https:\/\/www.lasonrisadesienna.es\/tienda\/#website"},"primaryImageOfPage":{"@id":"https:\/\/www.lasonrisadesienna.es\/tienda\/product\/pijama-dos-piezas-rosa-inicial-nombre\/#primaryimage"},"image":{"@id":"https:\/\/www.lasonrisadesienna.es\/tienda\/product\/pijama-dos-piezas-rosa-inicial-nombre\/#primaryimage"},"thumbnailUrl":"https:\/\/www.lasonrisadesienna.es\/tienda\/wp-content\/uploads\/2021\/11\/IMG_1955.jpg","datePublished":"2021-11-09T10:28:50+00:00","dateModified":"2025-09-19T08:47:09+00:00","breadcrumb":{"@id":"https:\/\/www.lasonrisadesienna.es\/tienda\/product\/pijama-dos-piezas-rosa-inicial-nombre\/#breadcrumb"},"inLanguage":"es","potentialAction":[{"@type":"ReadAction","target":["https:\/\/www.lasonrisadesienna.es\/tienda\/product\/pijama-dos-piezas-rosa-inicial-nombre\/"]}]},{"@type":"ImageObject","inLanguage":"es","@id":"https:\/\/www.lasonrisadesienna.es\/tienda\/product\/pijama-dos-piezas-rosa-inicial-nombre\/#primaryimage","url":"https:\/\/www.lasonrisadesienna.es\/tienda\/wp-content\/uploads\/2021\/11\/IMG_1955.jpg","contentUrl":"https:\/\/www.lasonrisadesienna.es\/tienda\/wp-content\/uploads\/2021\/11\/IMG_1955.jpg","width":2024,"height":2024},{"@type":"BreadcrumbList","@id":"https:\/\/www.lasonrisadesienna.es\/tienda\/product\/pijama-dos-piezas-rosa-inicial-nombre\/#breadcrumb","itemListElement":[{"@type":"ListItem","position":1,"name":"Portada","item":"https:\/\/www.lasonrisadesienna.es\/tienda\/"},{"@type":"ListItem","position":2,"name":"Tienda2","item":"https:\/\/www.lasonrisadesienna.es\/tienda\/tienda2\/"},{"@type":"ListItem","position":3,"name":"PIJAMA dos piezas ROSA INICIAL + NOMBRE"}]},{"@type":"WebSite","@id":"https:\/\/www.lasonrisadesienna.es\/tienda\/#website","url":"https:\/\/www.lasonrisadesienna.es\/tienda\/","name":"La Sonrisa de Sienna","description":"","publisher":{"@id":"https:\/\/www.lasonrisadesienna.es\/tienda\/#organization"},"potentialAction":[{"@type":"SearchAction","target":{"@type":"EntryPoint","urlTemplate":"https:\/\/www.lasonrisadesienna.es\/tienda\/?s={search_term_string}"},"query-input":{"@type":"PropertyValueSpecification","valueRequired":true,"valueName":"search_term_string"}}],"inLanguage":"es"},{"@type":"Organization","@id":"https:\/\/www.lasonrisadesienna.es\/tienda\/#organization","name":"La Sonrisa de Sienna","url":"https:\/\/www.lasonrisadesienna.es\/tienda\/","logo":{"@type":"ImageObject","inLanguage":"es","@id":"https:\/\/www.lasonrisadesienna.es\/tienda\/#\/schema\/logo\/image\/","url":"https:\/\/www.lasonrisadesienna.es\/tienda\/wp-content\/uploads\/2020\/01\/cropped-cropped-logo-sonrisa-alta-calidad-e1580066919446.png","contentUrl":"https:\/\/www.lasonrisadesienna.es\/tienda\/wp-content\/uploads\/2020\/01\/cropped-cropped-logo-sonrisa-alta-calidad-e1580066919446.png","width":512,"height":512,"caption":"La Sonrisa de Sienna"},"image":{"@id":"https:\/\/www.lasonrisadesienna.es\/tienda\/#\/schema\/logo\/image\/"},"sameAs":["https:\/\/www.facebook.com\/lasonrisadesienna\/","https:\/\/www.pinterest.es\/lasonrisadesienna\/","https:\/\/www.instagram.com\/lasonrisadesienna\/"]}]}},"_links":{"self":[{"href":"https:\/\/www.lasonrisadesienna.es\/tienda\/wp-json\/wp\/v2\/product\/8489","targetHints":{"allow":["GET"]}}],"collection":[{"href":"https:\/\/www.lasonrisadesienna.es\/tienda\/wp-json\/wp\/v2\/product"}],"about":[{"href":"https:\/\/www.lasonrisadesienna.es\/tienda\/wp-json\/wp\/v2\/types\/product"}],"version-history":[{"count":1,"href":"https:\/\/www.lasonrisadesienna.es\/tienda\/wp-json\/wp\/v2\/product\/8489\/revisions"}],"predecessor-version":[{"id":14615,"href":"https:\/\/www.lasonrisadesienna.es\/tienda\/wp-json\/wp\/v2\/product\/8489\/revisions\/14615"}],"wp:featuredmedia":[{"embeddable":true,"href":"https:\/\/www.lasonrisadesienna.es\/tienda\/wp-json\/wp\/v2\/media\/8561"}],"wp:attachment":[{"href":"https:\/\/www.lasonrisadesienna.es\/tienda\/wp-json\/wp\/v2\/media?parent=8489"}],"wp:term":[{"taxonomy":"product_brand","embeddable":true,"href":"https:\/\/www.lasonrisadesienna.es\/tienda\/wp-json\/wp\/v2\/product_brand?post=8489"},{"taxonomy":"product_cat","embeddable":true,"href":"https:\/\/www.lasonrisadesienna.es\/tienda\/wp-json\/wp\/v2\/product_cat?post=8489"},{"taxonomy":"product_tag","embeddable":true,"href":"https:\/\/www.lasonrisadesienna.es\/tienda\/wp-json\/wp\/v2\/product_tag?post=8489"}],"curies":[{"name":"wp","href":"https:\/\/api.w.org\/{rel}","templated":true}]}}