{"id":1631,"date":"2019-02-01T12:49:33","date_gmt":"2019-02-01T10:49:33","guid":{"rendered":"http:\/\/www.lasonrisadesienna.es\/tienda\/product\/pijama-que-bonita-es-la-vida-nombre\/"},"modified":"2021-04-19T13:58:09","modified_gmt":"2021-04-19T11:58:09","slug":"pijama-que-bonita-es-la-vida-nombre","status":"publish","type":"product","link":"https:\/\/www.lasonrisadesienna.es\/tienda\/product\/pijama-que-bonita-es-la-vida-nombre\/","title":{"rendered":"PIJAMA QUE BONITA ES LA VIDA&#8230; + NOMBRE"},"content":{"rendered":"","protected":false},"excerpt":{"rendered":"<h4>Pijama org\u00e1nico 100% algod\u00f3n con cuello y mangas c\u00f3modas y con guantes ajustables en pu\u00f1os.<\/h4>\n","protected":false},"featured_media":1630,"template":"","meta":{"_joinchat":[]},"product_brand":[],"product_cat":[493,129,489],"product_tag":[],"class_list":{"0":"post-1631","1":"product","2":"type-product","3":"status-publish","4":"has-post-thumbnail","6":"product_cat-pijamas-san-valentin","7":"product_cat-pijamas-infantil","8":"product_cat-san-valentin","10":"first","11":"instock","12":"taxable","13":"shipping-taxable","14":"purchasable","15":"product-type-variable"},"yoast_head":"<!-- This site is optimized with the Yoast SEO plugin v24.2 - https:\/\/yoast.com\/wordpress\/plugins\/seo\/ -->\n<title>PIJAMA QUE BONITA ES LA VIDA... + NOMBRE - La Sonrisa de Sienna<\/title>\n<meta name=\"robots\" content=\"index, follow, max-snippet:-1, max-image-preview:large, max-video-preview:-1\" \/>\n<link rel=\"canonical\" href=\"https:\/\/www.lasonrisadesienna.es\/tienda\/product\/pijama-que-bonita-es-la-vida-nombre\/\" \/>\n<meta property=\"og:locale\" content=\"es_ES\" \/>\n<meta property=\"og:type\" content=\"article\" \/>\n<meta property=\"og:title\" content=\"PIJAMA QUE BONITA ES LA VIDA... + NOMBRE - La Sonrisa de Sienna\" \/>\n<meta property=\"og:description\" content=\"Pijama org\u00e1nico 100% algod\u00f3n con cuello y mangas c\u00f3modas y con guantes ajustables en pu\u00f1os.\" \/>\n<meta property=\"og:url\" content=\"https:\/\/www.lasonrisadesienna.es\/tienda\/product\/pijama-que-bonita-es-la-vida-nombre\/\" \/>\n<meta property=\"og:site_name\" content=\"La Sonrisa de Sienna\" \/>\n<meta property=\"article:publisher\" content=\"https:\/\/www.facebook.com\/lasonrisadesienna\/\" \/>\n<meta property=\"article:modified_time\" content=\"2021-04-19T11:58:09+00:00\" \/>\n<meta property=\"og:image\" content=\"https:\/\/www.lasonrisadesienna.es\/tienda\/wp-content\/uploads\/2019\/02\/1498-PIJAMA-QUE-BONITA-ES-LA-VIDA...-NOMBRE.jpg\" \/>\n\t<meta property=\"og:image:width\" content=\"1389\" \/>\n\t<meta property=\"og:image:height\" content=\"1389\" \/>\n\t<meta property=\"og:image:type\" content=\"image\/jpeg\" \/>\n<meta name=\"twitter:card\" content=\"summary_large_image\" \/>\n<script type=\"application\/ld+json\" class=\"yoast-schema-graph\">{\"@context\":\"https:\/\/schema.org\",\"@graph\":[{\"@type\":\"WebPage\",\"@id\":\"https:\/\/www.lasonrisadesienna.es\/tienda\/product\/pijama-que-bonita-es-la-vida-nombre\/\",\"url\":\"https:\/\/www.lasonrisadesienna.es\/tienda\/product\/pijama-que-bonita-es-la-vida-nombre\/\",\"name\":\"PIJAMA QUE BONITA ES LA VIDA... + NOMBRE - La Sonrisa de Sienna\",\"isPartOf\":{\"@id\":\"https:\/\/www.lasonrisadesienna.es\/tienda\/#website\"},\"primaryImageOfPage\":{\"@id\":\"https:\/\/www.lasonrisadesienna.es\/tienda\/product\/pijama-que-bonita-es-la-vida-nombre\/#primaryimage\"},\"image\":{\"@id\":\"https:\/\/www.lasonrisadesienna.es\/tienda\/product\/pijama-que-bonita-es-la-vida-nombre\/#primaryimage\"},\"thumbnailUrl\":\"https:\/\/www.lasonrisadesienna.es\/tienda\/wp-content\/uploads\/2019\/02\/1498-PIJAMA-QUE-BONITA-ES-LA-VIDA...-NOMBRE.jpg\",\"datePublished\":\"2019-02-01T10:49:33+00:00\",\"dateModified\":\"2021-04-19T11:58:09+00:00\",\"breadcrumb\":{\"@id\":\"https:\/\/www.lasonrisadesienna.es\/tienda\/product\/pijama-que-bonita-es-la-vida-nombre\/#breadcrumb\"},\"inLanguage\":\"es\",\"potentialAction\":[{\"@type\":\"ReadAction\",\"target\":[\"https:\/\/www.lasonrisadesienna.es\/tienda\/product\/pijama-que-bonita-es-la-vida-nombre\/\"]}]},{\"@type\":\"ImageObject\",\"inLanguage\":\"es\",\"@id\":\"https:\/\/www.lasonrisadesienna.es\/tienda\/product\/pijama-que-bonita-es-la-vida-nombre\/#primaryimage\",\"url\":\"https:\/\/www.lasonrisadesienna.es\/tienda\/wp-content\/uploads\/2019\/02\/1498-PIJAMA-QUE-BONITA-ES-LA-VIDA...-NOMBRE.jpg\",\"contentUrl\":\"https:\/\/www.lasonrisadesienna.es\/tienda\/wp-content\/uploads\/2019\/02\/1498-PIJAMA-QUE-BONITA-ES-LA-VIDA...-NOMBRE.jpg\",\"width\":1389,\"height\":1389,\"caption\":\"PIJAMA QUE BONITA ES LA VIDA... + NOMBRE\"},{\"@type\":\"BreadcrumbList\",\"@id\":\"https:\/\/www.lasonrisadesienna.es\/tienda\/product\/pijama-que-bonita-es-la-vida-nombre\/#breadcrumb\",\"itemListElement\":[{\"@type\":\"ListItem\",\"position\":1,\"name\":\"Portada\",\"item\":\"https:\/\/www.lasonrisadesienna.es\/tienda\/\"},{\"@type\":\"ListItem\",\"position\":2,\"name\":\"Tienda2\",\"item\":\"https:\/\/www.lasonrisadesienna.es\/tienda\/tienda2\/\"},{\"@type\":\"ListItem\",\"position\":3,\"name\":\"PIJAMA QUE BONITA ES LA VIDA&#8230; + NOMBRE\"}]},{\"@type\":\"WebSite\",\"@id\":\"https:\/\/www.lasonrisadesienna.es\/tienda\/#website\",\"url\":\"https:\/\/www.lasonrisadesienna.es\/tienda\/\",\"name\":\"La Sonrisa de Sienna\",\"description\":\"\",\"publisher\":{\"@id\":\"https:\/\/www.lasonrisadesienna.es\/tienda\/#organization\"},\"potentialAction\":[{\"@type\":\"SearchAction\",\"target\":{\"@type\":\"EntryPoint\",\"urlTemplate\":\"https:\/\/www.lasonrisadesienna.es\/tienda\/?s={search_term_string}\"},\"query-input\":{\"@type\":\"PropertyValueSpecification\",\"valueRequired\":true,\"valueName\":\"search_term_string\"}}],\"inLanguage\":\"es\"},{\"@type\":\"Organization\",\"@id\":\"https:\/\/www.lasonrisadesienna.es\/tienda\/#organization\",\"name\":\"La Sonrisa de Sienna\",\"url\":\"https:\/\/www.lasonrisadesienna.es\/tienda\/\",\"logo\":{\"@type\":\"ImageObject\",\"inLanguage\":\"es\",\"@id\":\"https:\/\/www.lasonrisadesienna.es\/tienda\/#\/schema\/logo\/image\/\",\"url\":\"https:\/\/www.lasonrisadesienna.es\/tienda\/wp-content\/uploads\/2020\/01\/cropped-cropped-logo-sonrisa-alta-calidad-e1580066919446.png\",\"contentUrl\":\"https:\/\/www.lasonrisadesienna.es\/tienda\/wp-content\/uploads\/2020\/01\/cropped-cropped-logo-sonrisa-alta-calidad-e1580066919446.png\",\"width\":512,\"height\":512,\"caption\":\"La Sonrisa de Sienna\"},\"image\":{\"@id\":\"https:\/\/www.lasonrisadesienna.es\/tienda\/#\/schema\/logo\/image\/\"},\"sameAs\":[\"https:\/\/www.facebook.com\/lasonrisadesienna\/\",\"https:\/\/www.pinterest.es\/lasonrisadesienna\/\",\"https:\/\/www.instagram.com\/lasonrisadesienna\/\"]}]}<\/script>\n<!-- \/ Yoast SEO plugin. -->","yoast_head_json":{"title":"PIJAMA QUE BONITA ES LA VIDA... + NOMBRE - La Sonrisa de Sienna","robots":{"index":"index","follow":"follow","max-snippet":"max-snippet:-1","max-image-preview":"max-image-preview:large","max-video-preview":"max-video-preview:-1"},"canonical":"https:\/\/www.lasonrisadesienna.es\/tienda\/product\/pijama-que-bonita-es-la-vida-nombre\/","og_locale":"es_ES","og_type":"article","og_title":"PIJAMA QUE BONITA ES LA VIDA... + NOMBRE - La Sonrisa de Sienna","og_description":"Pijama org\u00e1nico 100% algod\u00f3n con cuello y mangas c\u00f3modas y con guantes ajustables en pu\u00f1os.","og_url":"https:\/\/www.lasonrisadesienna.es\/tienda\/product\/pijama-que-bonita-es-la-vida-nombre\/","og_site_name":"La Sonrisa de Sienna","article_publisher":"https:\/\/www.facebook.com\/lasonrisadesienna\/","article_modified_time":"2021-04-19T11:58:09+00:00","og_image":[{"width":1389,"height":1389,"url":"https:\/\/www.lasonrisadesienna.es\/tienda\/wp-content\/uploads\/2019\/02\/1498-PIJAMA-QUE-BONITA-ES-LA-VIDA...-NOMBRE.jpg","type":"image\/jpeg"}],"twitter_card":"summary_large_image","schema":{"@context":"https:\/\/schema.org","@graph":[{"@type":"WebPage","@id":"https:\/\/www.lasonrisadesienna.es\/tienda\/product\/pijama-que-bonita-es-la-vida-nombre\/","url":"https:\/\/www.lasonrisadesienna.es\/tienda\/product\/pijama-que-bonita-es-la-vida-nombre\/","name":"PIJAMA QUE BONITA ES LA VIDA... + NOMBRE - La Sonrisa de Sienna","isPartOf":{"@id":"https:\/\/www.lasonrisadesienna.es\/tienda\/#website"},"primaryImageOfPage":{"@id":"https:\/\/www.lasonrisadesienna.es\/tienda\/product\/pijama-que-bonita-es-la-vida-nombre\/#primaryimage"},"image":{"@id":"https:\/\/www.lasonrisadesienna.es\/tienda\/product\/pijama-que-bonita-es-la-vida-nombre\/#primaryimage"},"thumbnailUrl":"https:\/\/www.lasonrisadesienna.es\/tienda\/wp-content\/uploads\/2019\/02\/1498-PIJAMA-QUE-BONITA-ES-LA-VIDA...-NOMBRE.jpg","datePublished":"2019-02-01T10:49:33+00:00","dateModified":"2021-04-19T11:58:09+00:00","breadcrumb":{"@id":"https:\/\/www.lasonrisadesienna.es\/tienda\/product\/pijama-que-bonita-es-la-vida-nombre\/#breadcrumb"},"inLanguage":"es","potentialAction":[{"@type":"ReadAction","target":["https:\/\/www.lasonrisadesienna.es\/tienda\/product\/pijama-que-bonita-es-la-vida-nombre\/"]}]},{"@type":"ImageObject","inLanguage":"es","@id":"https:\/\/www.lasonrisadesienna.es\/tienda\/product\/pijama-que-bonita-es-la-vida-nombre\/#primaryimage","url":"https:\/\/www.lasonrisadesienna.es\/tienda\/wp-content\/uploads\/2019\/02\/1498-PIJAMA-QUE-BONITA-ES-LA-VIDA...-NOMBRE.jpg","contentUrl":"https:\/\/www.lasonrisadesienna.es\/tienda\/wp-content\/uploads\/2019\/02\/1498-PIJAMA-QUE-BONITA-ES-LA-VIDA...-NOMBRE.jpg","width":1389,"height":1389,"caption":"PIJAMA QUE BONITA ES LA VIDA... + NOMBRE"},{"@type":"BreadcrumbList","@id":"https:\/\/www.lasonrisadesienna.es\/tienda\/product\/pijama-que-bonita-es-la-vida-nombre\/#breadcrumb","itemListElement":[{"@type":"ListItem","position":1,"name":"Portada","item":"https:\/\/www.lasonrisadesienna.es\/tienda\/"},{"@type":"ListItem","position":2,"name":"Tienda2","item":"https:\/\/www.lasonrisadesienna.es\/tienda\/tienda2\/"},{"@type":"ListItem","position":3,"name":"PIJAMA QUE BONITA ES LA VIDA&#8230; + NOMBRE"}]},{"@type":"WebSite","@id":"https:\/\/www.lasonrisadesienna.es\/tienda\/#website","url":"https:\/\/www.lasonrisadesienna.es\/tienda\/","name":"La Sonrisa de Sienna","description":"","publisher":{"@id":"https:\/\/www.lasonrisadesienna.es\/tienda\/#organization"},"potentialAction":[{"@type":"SearchAction","target":{"@type":"EntryPoint","urlTemplate":"https:\/\/www.lasonrisadesienna.es\/tienda\/?s={search_term_string}"},"query-input":{"@type":"PropertyValueSpecification","valueRequired":true,"valueName":"search_term_string"}}],"inLanguage":"es"},{"@type":"Organization","@id":"https:\/\/www.lasonrisadesienna.es\/tienda\/#organization","name":"La Sonrisa de Sienna","url":"https:\/\/www.lasonrisadesienna.es\/tienda\/","logo":{"@type":"ImageObject","inLanguage":"es","@id":"https:\/\/www.lasonrisadesienna.es\/tienda\/#\/schema\/logo\/image\/","url":"https:\/\/www.lasonrisadesienna.es\/tienda\/wp-content\/uploads\/2020\/01\/cropped-cropped-logo-sonrisa-alta-calidad-e1580066919446.png","contentUrl":"https:\/\/www.lasonrisadesienna.es\/tienda\/wp-content\/uploads\/2020\/01\/cropped-cropped-logo-sonrisa-alta-calidad-e1580066919446.png","width":512,"height":512,"caption":"La Sonrisa de Sienna"},"image":{"@id":"https:\/\/www.lasonrisadesienna.es\/tienda\/#\/schema\/logo\/image\/"},"sameAs":["https:\/\/www.facebook.com\/lasonrisadesienna\/","https:\/\/www.pinterest.es\/lasonrisadesienna\/","https:\/\/www.instagram.com\/lasonrisadesienna\/"]}]}},"_links":{"self":[{"href":"https:\/\/www.lasonrisadesienna.es\/tienda\/wp-json\/wp\/v2\/product\/1631","targetHints":{"allow":["GET"]}}],"collection":[{"href":"https:\/\/www.lasonrisadesienna.es\/tienda\/wp-json\/wp\/v2\/product"}],"about":[{"href":"https:\/\/www.lasonrisadesienna.es\/tienda\/wp-json\/wp\/v2\/types\/product"}],"version-history":[{"count":0,"href":"https:\/\/www.lasonrisadesienna.es\/tienda\/wp-json\/wp\/v2\/product\/1631\/revisions"}],"wp:featuredmedia":[{"embeddable":true,"href":"https:\/\/www.lasonrisadesienna.es\/tienda\/wp-json\/wp\/v2\/media\/1630"}],"wp:attachment":[{"href":"https:\/\/www.lasonrisadesienna.es\/tienda\/wp-json\/wp\/v2\/media?parent=1631"}],"wp:term":[{"taxonomy":"product_brand","embeddable":true,"href":"https:\/\/www.lasonrisadesienna.es\/tienda\/wp-json\/wp\/v2\/product_brand?post=1631"},{"taxonomy":"product_cat","embeddable":true,"href":"https:\/\/www.lasonrisadesienna.es\/tienda\/wp-json\/wp\/v2\/product_cat?post=1631"},{"taxonomy":"product_tag","embeddable":true,"href":"https:\/\/www.lasonrisadesienna.es\/tienda\/wp-json\/wp\/v2\/product_tag?post=1631"}],"curies":[{"name":"wp","href":"https:\/\/api.w.org\/{rel}","templated":true}]}}