{"id":14821,"date":"2025-10-22T12:47:08","date_gmt":"2025-10-22T10:47:08","guid":{"rendered":"https:\/\/www.lasonrisadesienna.es\/tienda\/?post_type=product&#038;p=14821"},"modified":"2025-10-22T12:56:46","modified_gmt":"2025-10-22T10:56:46","slug":"caja-de-vino-navidad","status":"publish","type":"product","link":"https:\/\/www.lasonrisadesienna.es\/tienda\/product\/caja-de-vino-navidad\/","title":{"rendered":"CAJA DE VINO NAVIDAD"},"content":{"rendered":"","protected":false},"excerpt":{"rendered":"<p>Caja de presentaci\u00f3n FELICES FIESTAS para 1 botella fabricada en madera natural, interior con sujeci\u00f3n de seguridad para el cuello de la botella, con tapa deslizante y cord\u00f3n de transporte. \u00a1Ideal para regalar estas navidades!<\/p>\n<p>Opcional: Incluye una firma al final de la caja. Ejemplo: Con cari\u00f1o + nombre<\/p>\n<p>(No incluye botella)<\/p>\n<p>Medidas: 10 x 35 x 10 cm | 270 gr.<\/p>\n","protected":false},"featured_media":14823,"template":"","meta":{"_joinchat":[]},"product_brand":[],"product_cat":[456,470],"product_tag":[],"class_list":{"0":"post-14821","1":"product","2":"type-product","3":"status-publish","4":"has-post-thumbnail","6":"product_cat-navidad","7":"product_cat-complementos-navidad","9":"first","10":"instock","11":"taxable","12":"shipping-taxable","13":"purchasable","14":"product-type-simple"},"yoast_head":"<!-- This site is optimized with the Yoast SEO plugin v24.2 - https:\/\/yoast.com\/wordpress\/plugins\/seo\/ -->\n<title>CAJA DE VINO NAVIDAD - La Sonrisa de Sienna<\/title>\n<meta name=\"robots\" content=\"index, follow, max-snippet:-1, max-image-preview:large, max-video-preview:-1\" \/>\n<link rel=\"canonical\" href=\"https:\/\/www.lasonrisadesienna.es\/tienda\/product\/caja-de-vino-navidad\/\" \/>\n<meta property=\"og:locale\" content=\"es_ES\" \/>\n<meta property=\"og:type\" content=\"article\" \/>\n<meta property=\"og:title\" content=\"CAJA DE VINO NAVIDAD - La Sonrisa de Sienna\" \/>\n<meta property=\"og:description\" content=\"Caja de presentaci\u00f3n FELICES FIESTAS para 1 botella fabricada en madera natural, interior con sujeci\u00f3n de seguridad para el cuello de la botella, con tapa deslizante y cord\u00f3n de transporte. \u00a1Ideal para regalar estas navidades!  Opcional: Incluye una firma al final de la caja. Ejemplo: Con cari\u00f1o + nombre  (No incluye botella)  Medidas: 10 x 35 x 10 cm | 270 gr.\" \/>\n<meta property=\"og:url\" content=\"https:\/\/www.lasonrisadesienna.es\/tienda\/product\/caja-de-vino-navidad\/\" \/>\n<meta property=\"og:site_name\" content=\"La Sonrisa de Sienna\" \/>\n<meta property=\"article:publisher\" content=\"https:\/\/www.facebook.com\/lasonrisadesienna\/\" \/>\n<meta property=\"article:modified_time\" content=\"2025-10-22T10:56:46+00:00\" \/>\n<meta property=\"og:image\" content=\"https:\/\/www.lasonrisadesienna.es\/tienda\/wp-content\/uploads\/2025\/10\/caja-presentacion-botella-vino-navidad.jpeg\" \/>\n\t<meta property=\"og:image:width\" content=\"864\" \/>\n\t<meta property=\"og:image:height\" content=\"1184\" \/>\n\t<meta property=\"og:image:type\" content=\"image\/jpeg\" \/>\n<meta name=\"twitter:card\" content=\"summary_large_image\" \/>\n<meta name=\"twitter:label1\" content=\"Tiempo de lectura\" \/>\n\t<meta name=\"twitter:data1\" content=\"1 minuto\" \/>\n<script type=\"application\/ld+json\" class=\"yoast-schema-graph\">{\"@context\":\"https:\/\/schema.org\",\"@graph\":[{\"@type\":\"WebPage\",\"@id\":\"https:\/\/www.lasonrisadesienna.es\/tienda\/product\/caja-de-vino-navidad\/\",\"url\":\"https:\/\/www.lasonrisadesienna.es\/tienda\/product\/caja-de-vino-navidad\/\",\"name\":\"CAJA DE VINO NAVIDAD - La Sonrisa de Sienna\",\"isPartOf\":{\"@id\":\"https:\/\/www.lasonrisadesienna.es\/tienda\/#website\"},\"primaryImageOfPage\":{\"@id\":\"https:\/\/www.lasonrisadesienna.es\/tienda\/product\/caja-de-vino-navidad\/#primaryimage\"},\"image\":{\"@id\":\"https:\/\/www.lasonrisadesienna.es\/tienda\/product\/caja-de-vino-navidad\/#primaryimage\"},\"thumbnailUrl\":\"https:\/\/www.lasonrisadesienna.es\/tienda\/wp-content\/uploads\/2025\/10\/caja-presentacion-botella-vino-navidad.jpeg\",\"datePublished\":\"2025-10-22T10:47:08+00:00\",\"dateModified\":\"2025-10-22T10:56:46+00:00\",\"breadcrumb\":{\"@id\":\"https:\/\/www.lasonrisadesienna.es\/tienda\/product\/caja-de-vino-navidad\/#breadcrumb\"},\"inLanguage\":\"es\",\"potentialAction\":[{\"@type\":\"ReadAction\",\"target\":[\"https:\/\/www.lasonrisadesienna.es\/tienda\/product\/caja-de-vino-navidad\/\"]}]},{\"@type\":\"ImageObject\",\"inLanguage\":\"es\",\"@id\":\"https:\/\/www.lasonrisadesienna.es\/tienda\/product\/caja-de-vino-navidad\/#primaryimage\",\"url\":\"https:\/\/www.lasonrisadesienna.es\/tienda\/wp-content\/uploads\/2025\/10\/caja-presentacion-botella-vino-navidad.jpeg\",\"contentUrl\":\"https:\/\/www.lasonrisadesienna.es\/tienda\/wp-content\/uploads\/2025\/10\/caja-presentacion-botella-vino-navidad.jpeg\",\"width\":864,\"height\":1184},{\"@type\":\"BreadcrumbList\",\"@id\":\"https:\/\/www.lasonrisadesienna.es\/tienda\/product\/caja-de-vino-navidad\/#breadcrumb\",\"itemListElement\":[{\"@type\":\"ListItem\",\"position\":1,\"name\":\"Portada\",\"item\":\"https:\/\/www.lasonrisadesienna.es\/tienda\/\"},{\"@type\":\"ListItem\",\"position\":2,\"name\":\"Tienda2\",\"item\":\"https:\/\/www.lasonrisadesienna.es\/tienda\/tienda2\/\"},{\"@type\":\"ListItem\",\"position\":3,\"name\":\"CAJA DE VINO NAVIDAD\"}]},{\"@type\":\"WebSite\",\"@id\":\"https:\/\/www.lasonrisadesienna.es\/tienda\/#website\",\"url\":\"https:\/\/www.lasonrisadesienna.es\/tienda\/\",\"name\":\"La Sonrisa de Sienna\",\"description\":\"\",\"publisher\":{\"@id\":\"https:\/\/www.lasonrisadesienna.es\/tienda\/#organization\"},\"potentialAction\":[{\"@type\":\"SearchAction\",\"target\":{\"@type\":\"EntryPoint\",\"urlTemplate\":\"https:\/\/www.lasonrisadesienna.es\/tienda\/?s={search_term_string}\"},\"query-input\":{\"@type\":\"PropertyValueSpecification\",\"valueRequired\":true,\"valueName\":\"search_term_string\"}}],\"inLanguage\":\"es\"},{\"@type\":\"Organization\",\"@id\":\"https:\/\/www.lasonrisadesienna.es\/tienda\/#organization\",\"name\":\"La Sonrisa de Sienna\",\"url\":\"https:\/\/www.lasonrisadesienna.es\/tienda\/\",\"logo\":{\"@type\":\"ImageObject\",\"inLanguage\":\"es\",\"@id\":\"https:\/\/www.lasonrisadesienna.es\/tienda\/#\/schema\/logo\/image\/\",\"url\":\"https:\/\/www.lasonrisadesienna.es\/tienda\/wp-content\/uploads\/2020\/01\/cropped-cropped-logo-sonrisa-alta-calidad-e1580066919446.png\",\"contentUrl\":\"https:\/\/www.lasonrisadesienna.es\/tienda\/wp-content\/uploads\/2020\/01\/cropped-cropped-logo-sonrisa-alta-calidad-e1580066919446.png\",\"width\":512,\"height\":512,\"caption\":\"La Sonrisa de Sienna\"},\"image\":{\"@id\":\"https:\/\/www.lasonrisadesienna.es\/tienda\/#\/schema\/logo\/image\/\"},\"sameAs\":[\"https:\/\/www.facebook.com\/lasonrisadesienna\/\",\"https:\/\/www.pinterest.es\/lasonrisadesienna\/\",\"https:\/\/www.instagram.com\/lasonrisadesienna\/\"]}]}<\/script>\n<!-- \/ Yoast SEO plugin. -->","yoast_head_json":{"title":"CAJA DE VINO NAVIDAD - La Sonrisa de Sienna","robots":{"index":"index","follow":"follow","max-snippet":"max-snippet:-1","max-image-preview":"max-image-preview:large","max-video-preview":"max-video-preview:-1"},"canonical":"https:\/\/www.lasonrisadesienna.es\/tienda\/product\/caja-de-vino-navidad\/","og_locale":"es_ES","og_type":"article","og_title":"CAJA DE VINO NAVIDAD - La Sonrisa de Sienna","og_description":"Caja de presentaci\u00f3n FELICES FIESTAS para 1 botella fabricada en madera natural, interior con sujeci\u00f3n de seguridad para el cuello de la botella, con tapa deslizante y cord\u00f3n de transporte. \u00a1Ideal para regalar estas navidades!  Opcional: Incluye una firma al final de la caja. Ejemplo: Con cari\u00f1o + nombre  (No incluye botella)  Medidas: 10 x 35 x 10 cm | 270 gr.","og_url":"https:\/\/www.lasonrisadesienna.es\/tienda\/product\/caja-de-vino-navidad\/","og_site_name":"La Sonrisa de Sienna","article_publisher":"https:\/\/www.facebook.com\/lasonrisadesienna\/","article_modified_time":"2025-10-22T10:56:46+00:00","og_image":[{"width":864,"height":1184,"url":"https:\/\/www.lasonrisadesienna.es\/tienda\/wp-content\/uploads\/2025\/10\/caja-presentacion-botella-vino-navidad.jpeg","type":"image\/jpeg"}],"twitter_card":"summary_large_image","twitter_misc":{"Tiempo de lectura":"1 minuto"},"schema":{"@context":"https:\/\/schema.org","@graph":[{"@type":"WebPage","@id":"https:\/\/www.lasonrisadesienna.es\/tienda\/product\/caja-de-vino-navidad\/","url":"https:\/\/www.lasonrisadesienna.es\/tienda\/product\/caja-de-vino-navidad\/","name":"CAJA DE VINO NAVIDAD - La Sonrisa de Sienna","isPartOf":{"@id":"https:\/\/www.lasonrisadesienna.es\/tienda\/#website"},"primaryImageOfPage":{"@id":"https:\/\/www.lasonrisadesienna.es\/tienda\/product\/caja-de-vino-navidad\/#primaryimage"},"image":{"@id":"https:\/\/www.lasonrisadesienna.es\/tienda\/product\/caja-de-vino-navidad\/#primaryimage"},"thumbnailUrl":"https:\/\/www.lasonrisadesienna.es\/tienda\/wp-content\/uploads\/2025\/10\/caja-presentacion-botella-vino-navidad.jpeg","datePublished":"2025-10-22T10:47:08+00:00","dateModified":"2025-10-22T10:56:46+00:00","breadcrumb":{"@id":"https:\/\/www.lasonrisadesienna.es\/tienda\/product\/caja-de-vino-navidad\/#breadcrumb"},"inLanguage":"es","potentialAction":[{"@type":"ReadAction","target":["https:\/\/www.lasonrisadesienna.es\/tienda\/product\/caja-de-vino-navidad\/"]}]},{"@type":"ImageObject","inLanguage":"es","@id":"https:\/\/www.lasonrisadesienna.es\/tienda\/product\/caja-de-vino-navidad\/#primaryimage","url":"https:\/\/www.lasonrisadesienna.es\/tienda\/wp-content\/uploads\/2025\/10\/caja-presentacion-botella-vino-navidad.jpeg","contentUrl":"https:\/\/www.lasonrisadesienna.es\/tienda\/wp-content\/uploads\/2025\/10\/caja-presentacion-botella-vino-navidad.jpeg","width":864,"height":1184},{"@type":"BreadcrumbList","@id":"https:\/\/www.lasonrisadesienna.es\/tienda\/product\/caja-de-vino-navidad\/#breadcrumb","itemListElement":[{"@type":"ListItem","position":1,"name":"Portada","item":"https:\/\/www.lasonrisadesienna.es\/tienda\/"},{"@type":"ListItem","position":2,"name":"Tienda2","item":"https:\/\/www.lasonrisadesienna.es\/tienda\/tienda2\/"},{"@type":"ListItem","position":3,"name":"CAJA DE VINO NAVIDAD"}]},{"@type":"WebSite","@id":"https:\/\/www.lasonrisadesienna.es\/tienda\/#website","url":"https:\/\/www.lasonrisadesienna.es\/tienda\/","name":"La Sonrisa de Sienna","description":"","publisher":{"@id":"https:\/\/www.lasonrisadesienna.es\/tienda\/#organization"},"potentialAction":[{"@type":"SearchAction","target":{"@type":"EntryPoint","urlTemplate":"https:\/\/www.lasonrisadesienna.es\/tienda\/?s={search_term_string}"},"query-input":{"@type":"PropertyValueSpecification","valueRequired":true,"valueName":"search_term_string"}}],"inLanguage":"es"},{"@type":"Organization","@id":"https:\/\/www.lasonrisadesienna.es\/tienda\/#organization","name":"La Sonrisa de Sienna","url":"https:\/\/www.lasonrisadesienna.es\/tienda\/","logo":{"@type":"ImageObject","inLanguage":"es","@id":"https:\/\/www.lasonrisadesienna.es\/tienda\/#\/schema\/logo\/image\/","url":"https:\/\/www.lasonrisadesienna.es\/tienda\/wp-content\/uploads\/2020\/01\/cropped-cropped-logo-sonrisa-alta-calidad-e1580066919446.png","contentUrl":"https:\/\/www.lasonrisadesienna.es\/tienda\/wp-content\/uploads\/2020\/01\/cropped-cropped-logo-sonrisa-alta-calidad-e1580066919446.png","width":512,"height":512,"caption":"La Sonrisa de Sienna"},"image":{"@id":"https:\/\/www.lasonrisadesienna.es\/tienda\/#\/schema\/logo\/image\/"},"sameAs":["https:\/\/www.facebook.com\/lasonrisadesienna\/","https:\/\/www.pinterest.es\/lasonrisadesienna\/","https:\/\/www.instagram.com\/lasonrisadesienna\/"]}]}},"_links":{"self":[{"href":"https:\/\/www.lasonrisadesienna.es\/tienda\/wp-json\/wp\/v2\/product\/14821","targetHints":{"allow":["GET"]}}],"collection":[{"href":"https:\/\/www.lasonrisadesienna.es\/tienda\/wp-json\/wp\/v2\/product"}],"about":[{"href":"https:\/\/www.lasonrisadesienna.es\/tienda\/wp-json\/wp\/v2\/types\/product"}],"version-history":[{"count":3,"href":"https:\/\/www.lasonrisadesienna.es\/tienda\/wp-json\/wp\/v2\/product\/14821\/revisions"}],"predecessor-version":[{"id":14826,"href":"https:\/\/www.lasonrisadesienna.es\/tienda\/wp-json\/wp\/v2\/product\/14821\/revisions\/14826"}],"wp:featuredmedia":[{"embeddable":true,"href":"https:\/\/www.lasonrisadesienna.es\/tienda\/wp-json\/wp\/v2\/media\/14823"}],"wp:attachment":[{"href":"https:\/\/www.lasonrisadesienna.es\/tienda\/wp-json\/wp\/v2\/media?parent=14821"}],"wp:term":[{"taxonomy":"product_brand","embeddable":true,"href":"https:\/\/www.lasonrisadesienna.es\/tienda\/wp-json\/wp\/v2\/product_brand?post=14821"},{"taxonomy":"product_cat","embeddable":true,"href":"https:\/\/www.lasonrisadesienna.es\/tienda\/wp-json\/wp\/v2\/product_cat?post=14821"},{"taxonomy":"product_tag","embeddable":true,"href":"https:\/\/www.lasonrisadesienna.es\/tienda\/wp-json\/wp\/v2\/product_tag?post=14821"}],"curies":[{"name":"wp","href":"https:\/\/api.w.org\/{rel}","templated":true}]}}