{"id":14815,"date":"2025-10-21T13:16:04","date_gmt":"2025-10-21T11:16:04","guid":{"rendered":"https:\/\/www.lasonrisadesienna.es\/tienda\/?post_type=product&#038;p=14815"},"modified":"2025-10-22T10:32:15","modified_gmt":"2025-10-22T08:32:15","slug":"tabla-abeto-familia-personalizada","status":"publish","type":"product","link":"https:\/\/www.lasonrisadesienna.es\/tienda\/product\/tabla-abeto-familia-personalizada\/","title":{"rendered":"TABLA ABETO FAMILIA PERSONALIZADA"},"content":{"rendered":"","protected":false},"excerpt":{"rendered":"<p>Tabla en forma de abeto de Navidad personalizada con los apellidos o nombres de la familia fabricada en bamb\u00fa. Ideal para decorar tu mesa navide\u00f1a.<\/p>\n<p>Medidas: 21 x 26.5 x 1 cm | 185 gr<\/p>\n<h6><em>*La intensidad del grabado puede variar en las zonas seg\u00fan la veta del material natural<\/em><\/h6>\n","protected":false},"featured_media":14819,"template":"","meta":{"_joinchat":[]},"product_brand":[],"product_cat":[456,470],"product_tag":[],"class_list":{"0":"post-14815","1":"product","2":"type-product","3":"status-publish","4":"has-post-thumbnail","6":"product_cat-navidad","7":"product_cat-complementos-navidad","9":"first","10":"instock","11":"taxable","12":"shipping-taxable","13":"purchasable","14":"product-type-simple"},"yoast_head":"<!-- This site is optimized with the Yoast SEO plugin v24.2 - https:\/\/yoast.com\/wordpress\/plugins\/seo\/ -->\n<title>TABLA ABETO FAMILIA PERSONALIZADA - La Sonrisa de Sienna<\/title>\n<meta name=\"robots\" content=\"index, follow, max-snippet:-1, max-image-preview:large, max-video-preview:-1\" \/>\n<link rel=\"canonical\" href=\"https:\/\/www.lasonrisadesienna.es\/tienda\/product\/tabla-abeto-familia-personalizada\/\" \/>\n<meta property=\"og:locale\" content=\"es_ES\" \/>\n<meta property=\"og:type\" content=\"article\" \/>\n<meta property=\"og:title\" content=\"TABLA ABETO FAMILIA PERSONALIZADA - La Sonrisa de Sienna\" \/>\n<meta property=\"og:description\" content=\"Tabla en forma de abeto de Navidad personalizada con los apellidos o nombres de la familia fabricada en bamb\u00fa. Ideal para decorar tu mesa navide\u00f1a.  Medidas: 21 x 26.5 x 1 cm | 185 gr *La intensidad del grabado puede variar en las zonas seg\u00fan la veta del material natural\" \/>\n<meta property=\"og:url\" content=\"https:\/\/www.lasonrisadesienna.es\/tienda\/product\/tabla-abeto-familia-personalizada\/\" \/>\n<meta property=\"og:site_name\" content=\"La Sonrisa de Sienna\" \/>\n<meta property=\"article:publisher\" content=\"https:\/\/www.facebook.com\/lasonrisadesienna\/\" \/>\n<meta property=\"article:modified_time\" content=\"2025-10-22T08:32:15+00:00\" \/>\n<meta property=\"og:image\" content=\"https:\/\/www.lasonrisadesienna.es\/tienda\/wp-content\/uploads\/2025\/10\/WhatsApp-Image-2025-10-22-at-10.24.53.jpeg\" \/>\n\t<meta property=\"og:image:width\" content=\"779\" \/>\n\t<meta property=\"og:image:height\" content=\"779\" \/>\n\t<meta property=\"og:image:type\" content=\"image\/jpeg\" \/>\n<meta name=\"twitter:card\" content=\"summary_large_image\" \/>\n<meta name=\"twitter:label1\" content=\"Tiempo de lectura\" \/>\n\t<meta name=\"twitter:data1\" content=\"1 minuto\" \/>\n<script type=\"application\/ld+json\" class=\"yoast-schema-graph\">{\"@context\":\"https:\/\/schema.org\",\"@graph\":[{\"@type\":\"WebPage\",\"@id\":\"https:\/\/www.lasonrisadesienna.es\/tienda\/product\/tabla-abeto-familia-personalizada\/\",\"url\":\"https:\/\/www.lasonrisadesienna.es\/tienda\/product\/tabla-abeto-familia-personalizada\/\",\"name\":\"TABLA ABETO FAMILIA PERSONALIZADA - La Sonrisa de Sienna\",\"isPartOf\":{\"@id\":\"https:\/\/www.lasonrisadesienna.es\/tienda\/#website\"},\"primaryImageOfPage\":{\"@id\":\"https:\/\/www.lasonrisadesienna.es\/tienda\/product\/tabla-abeto-familia-personalizada\/#primaryimage\"},\"image\":{\"@id\":\"https:\/\/www.lasonrisadesienna.es\/tienda\/product\/tabla-abeto-familia-personalizada\/#primaryimage\"},\"thumbnailUrl\":\"https:\/\/www.lasonrisadesienna.es\/tienda\/wp-content\/uploads\/2025\/10\/WhatsApp-Image-2025-10-22-at-10.24.53.jpeg\",\"datePublished\":\"2025-10-21T11:16:04+00:00\",\"dateModified\":\"2025-10-22T08:32:15+00:00\",\"breadcrumb\":{\"@id\":\"https:\/\/www.lasonrisadesienna.es\/tienda\/product\/tabla-abeto-familia-personalizada\/#breadcrumb\"},\"inLanguage\":\"es\",\"potentialAction\":[{\"@type\":\"ReadAction\",\"target\":[\"https:\/\/www.lasonrisadesienna.es\/tienda\/product\/tabla-abeto-familia-personalizada\/\"]}]},{\"@type\":\"ImageObject\",\"inLanguage\":\"es\",\"@id\":\"https:\/\/www.lasonrisadesienna.es\/tienda\/product\/tabla-abeto-familia-personalizada\/#primaryimage\",\"url\":\"https:\/\/www.lasonrisadesienna.es\/tienda\/wp-content\/uploads\/2025\/10\/WhatsApp-Image-2025-10-22-at-10.24.53.jpeg\",\"contentUrl\":\"https:\/\/www.lasonrisadesienna.es\/tienda\/wp-content\/uploads\/2025\/10\/WhatsApp-Image-2025-10-22-at-10.24.53.jpeg\",\"width\":779,\"height\":779},{\"@type\":\"BreadcrumbList\",\"@id\":\"https:\/\/www.lasonrisadesienna.es\/tienda\/product\/tabla-abeto-familia-personalizada\/#breadcrumb\",\"itemListElement\":[{\"@type\":\"ListItem\",\"position\":1,\"name\":\"Portada\",\"item\":\"https:\/\/www.lasonrisadesienna.es\/tienda\/\"},{\"@type\":\"ListItem\",\"position\":2,\"name\":\"Tienda2\",\"item\":\"https:\/\/www.lasonrisadesienna.es\/tienda\/tienda2\/\"},{\"@type\":\"ListItem\",\"position\":3,\"name\":\"TABLA ABETO FAMILIA PERSONALIZADA\"}]},{\"@type\":\"WebSite\",\"@id\":\"https:\/\/www.lasonrisadesienna.es\/tienda\/#website\",\"url\":\"https:\/\/www.lasonrisadesienna.es\/tienda\/\",\"name\":\"La Sonrisa de Sienna\",\"description\":\"\",\"publisher\":{\"@id\":\"https:\/\/www.lasonrisadesienna.es\/tienda\/#organization\"},\"potentialAction\":[{\"@type\":\"SearchAction\",\"target\":{\"@type\":\"EntryPoint\",\"urlTemplate\":\"https:\/\/www.lasonrisadesienna.es\/tienda\/?s={search_term_string}\"},\"query-input\":{\"@type\":\"PropertyValueSpecification\",\"valueRequired\":true,\"valueName\":\"search_term_string\"}}],\"inLanguage\":\"es\"},{\"@type\":\"Organization\",\"@id\":\"https:\/\/www.lasonrisadesienna.es\/tienda\/#organization\",\"name\":\"La Sonrisa de Sienna\",\"url\":\"https:\/\/www.lasonrisadesienna.es\/tienda\/\",\"logo\":{\"@type\":\"ImageObject\",\"inLanguage\":\"es\",\"@id\":\"https:\/\/www.lasonrisadesienna.es\/tienda\/#\/schema\/logo\/image\/\",\"url\":\"https:\/\/www.lasonrisadesienna.es\/tienda\/wp-content\/uploads\/2020\/01\/cropped-cropped-logo-sonrisa-alta-calidad-e1580066919446.png\",\"contentUrl\":\"https:\/\/www.lasonrisadesienna.es\/tienda\/wp-content\/uploads\/2020\/01\/cropped-cropped-logo-sonrisa-alta-calidad-e1580066919446.png\",\"width\":512,\"height\":512,\"caption\":\"La Sonrisa de Sienna\"},\"image\":{\"@id\":\"https:\/\/www.lasonrisadesienna.es\/tienda\/#\/schema\/logo\/image\/\"},\"sameAs\":[\"https:\/\/www.facebook.com\/lasonrisadesienna\/\",\"https:\/\/www.pinterest.es\/lasonrisadesienna\/\",\"https:\/\/www.instagram.com\/lasonrisadesienna\/\"]}]}<\/script>\n<!-- \/ Yoast SEO plugin. -->","yoast_head_json":{"title":"TABLA ABETO FAMILIA PERSONALIZADA - La Sonrisa de Sienna","robots":{"index":"index","follow":"follow","max-snippet":"max-snippet:-1","max-image-preview":"max-image-preview:large","max-video-preview":"max-video-preview:-1"},"canonical":"https:\/\/www.lasonrisadesienna.es\/tienda\/product\/tabla-abeto-familia-personalizada\/","og_locale":"es_ES","og_type":"article","og_title":"TABLA ABETO FAMILIA PERSONALIZADA - La Sonrisa de Sienna","og_description":"Tabla en forma de abeto de Navidad personalizada con los apellidos o nombres de la familia fabricada en bamb\u00fa. Ideal para decorar tu mesa navide\u00f1a.  Medidas: 21 x 26.5 x 1 cm | 185 gr *La intensidad del grabado puede variar en las zonas seg\u00fan la veta del material natural","og_url":"https:\/\/www.lasonrisadesienna.es\/tienda\/product\/tabla-abeto-familia-personalizada\/","og_site_name":"La Sonrisa de Sienna","article_publisher":"https:\/\/www.facebook.com\/lasonrisadesienna\/","article_modified_time":"2025-10-22T08:32:15+00:00","og_image":[{"width":779,"height":779,"url":"https:\/\/www.lasonrisadesienna.es\/tienda\/wp-content\/uploads\/2025\/10\/WhatsApp-Image-2025-10-22-at-10.24.53.jpeg","type":"image\/jpeg"}],"twitter_card":"summary_large_image","twitter_misc":{"Tiempo de lectura":"1 minuto"},"schema":{"@context":"https:\/\/schema.org","@graph":[{"@type":"WebPage","@id":"https:\/\/www.lasonrisadesienna.es\/tienda\/product\/tabla-abeto-familia-personalizada\/","url":"https:\/\/www.lasonrisadesienna.es\/tienda\/product\/tabla-abeto-familia-personalizada\/","name":"TABLA ABETO FAMILIA PERSONALIZADA - La Sonrisa de Sienna","isPartOf":{"@id":"https:\/\/www.lasonrisadesienna.es\/tienda\/#website"},"primaryImageOfPage":{"@id":"https:\/\/www.lasonrisadesienna.es\/tienda\/product\/tabla-abeto-familia-personalizada\/#primaryimage"},"image":{"@id":"https:\/\/www.lasonrisadesienna.es\/tienda\/product\/tabla-abeto-familia-personalizada\/#primaryimage"},"thumbnailUrl":"https:\/\/www.lasonrisadesienna.es\/tienda\/wp-content\/uploads\/2025\/10\/WhatsApp-Image-2025-10-22-at-10.24.53.jpeg","datePublished":"2025-10-21T11:16:04+00:00","dateModified":"2025-10-22T08:32:15+00:00","breadcrumb":{"@id":"https:\/\/www.lasonrisadesienna.es\/tienda\/product\/tabla-abeto-familia-personalizada\/#breadcrumb"},"inLanguage":"es","potentialAction":[{"@type":"ReadAction","target":["https:\/\/www.lasonrisadesienna.es\/tienda\/product\/tabla-abeto-familia-personalizada\/"]}]},{"@type":"ImageObject","inLanguage":"es","@id":"https:\/\/www.lasonrisadesienna.es\/tienda\/product\/tabla-abeto-familia-personalizada\/#primaryimage","url":"https:\/\/www.lasonrisadesienna.es\/tienda\/wp-content\/uploads\/2025\/10\/WhatsApp-Image-2025-10-22-at-10.24.53.jpeg","contentUrl":"https:\/\/www.lasonrisadesienna.es\/tienda\/wp-content\/uploads\/2025\/10\/WhatsApp-Image-2025-10-22-at-10.24.53.jpeg","width":779,"height":779},{"@type":"BreadcrumbList","@id":"https:\/\/www.lasonrisadesienna.es\/tienda\/product\/tabla-abeto-familia-personalizada\/#breadcrumb","itemListElement":[{"@type":"ListItem","position":1,"name":"Portada","item":"https:\/\/www.lasonrisadesienna.es\/tienda\/"},{"@type":"ListItem","position":2,"name":"Tienda2","item":"https:\/\/www.lasonrisadesienna.es\/tienda\/tienda2\/"},{"@type":"ListItem","position":3,"name":"TABLA ABETO FAMILIA PERSONALIZADA"}]},{"@type":"WebSite","@id":"https:\/\/www.lasonrisadesienna.es\/tienda\/#website","url":"https:\/\/www.lasonrisadesienna.es\/tienda\/","name":"La Sonrisa de Sienna","description":"","publisher":{"@id":"https:\/\/www.lasonrisadesienna.es\/tienda\/#organization"},"potentialAction":[{"@type":"SearchAction","target":{"@type":"EntryPoint","urlTemplate":"https:\/\/www.lasonrisadesienna.es\/tienda\/?s={search_term_string}"},"query-input":{"@type":"PropertyValueSpecification","valueRequired":true,"valueName":"search_term_string"}}],"inLanguage":"es"},{"@type":"Organization","@id":"https:\/\/www.lasonrisadesienna.es\/tienda\/#organization","name":"La Sonrisa de Sienna","url":"https:\/\/www.lasonrisadesienna.es\/tienda\/","logo":{"@type":"ImageObject","inLanguage":"es","@id":"https:\/\/www.lasonrisadesienna.es\/tienda\/#\/schema\/logo\/image\/","url":"https:\/\/www.lasonrisadesienna.es\/tienda\/wp-content\/uploads\/2020\/01\/cropped-cropped-logo-sonrisa-alta-calidad-e1580066919446.png","contentUrl":"https:\/\/www.lasonrisadesienna.es\/tienda\/wp-content\/uploads\/2020\/01\/cropped-cropped-logo-sonrisa-alta-calidad-e1580066919446.png","width":512,"height":512,"caption":"La Sonrisa de Sienna"},"image":{"@id":"https:\/\/www.lasonrisadesienna.es\/tienda\/#\/schema\/logo\/image\/"},"sameAs":["https:\/\/www.facebook.com\/lasonrisadesienna\/","https:\/\/www.pinterest.es\/lasonrisadesienna\/","https:\/\/www.instagram.com\/lasonrisadesienna\/"]}]}},"_links":{"self":[{"href":"https:\/\/www.lasonrisadesienna.es\/tienda\/wp-json\/wp\/v2\/product\/14815","targetHints":{"allow":["GET"]}}],"collection":[{"href":"https:\/\/www.lasonrisadesienna.es\/tienda\/wp-json\/wp\/v2\/product"}],"about":[{"href":"https:\/\/www.lasonrisadesienna.es\/tienda\/wp-json\/wp\/v2\/types\/product"}],"version-history":[{"count":2,"href":"https:\/\/www.lasonrisadesienna.es\/tienda\/wp-json\/wp\/v2\/product\/14815\/revisions"}],"predecessor-version":[{"id":14820,"href":"https:\/\/www.lasonrisadesienna.es\/tienda\/wp-json\/wp\/v2\/product\/14815\/revisions\/14820"}],"wp:featuredmedia":[{"embeddable":true,"href":"https:\/\/www.lasonrisadesienna.es\/tienda\/wp-json\/wp\/v2\/media\/14819"}],"wp:attachment":[{"href":"https:\/\/www.lasonrisadesienna.es\/tienda\/wp-json\/wp\/v2\/media?parent=14815"}],"wp:term":[{"taxonomy":"product_brand","embeddable":true,"href":"https:\/\/www.lasonrisadesienna.es\/tienda\/wp-json\/wp\/v2\/product_brand?post=14815"},{"taxonomy":"product_cat","embeddable":true,"href":"https:\/\/www.lasonrisadesienna.es\/tienda\/wp-json\/wp\/v2\/product_cat?post=14815"},{"taxonomy":"product_tag","embeddable":true,"href":"https:\/\/www.lasonrisadesienna.es\/tienda\/wp-json\/wp\/v2\/product_tag?post=14815"}],"curies":[{"name":"wp","href":"https:\/\/api.w.org\/{rel}","templated":true}]}}