{"id":12489,"date":"2023-11-04T11:06:53","date_gmt":"2023-11-04T09:06:53","guid":{"rendered":"https:\/\/www.lasonrisadesienna.es\/tienda\/?post_type=product&#038;p=12489"},"modified":"2023-11-05T16:20:15","modified_gmt":"2023-11-05T14:20:15","slug":"totebag-natural-all-booked","status":"publish","type":"product","link":"https:\/\/www.lasonrisadesienna.es\/tienda\/product\/totebag-natural-all-booked\/","title":{"rendered":"TOTEBAG NATURAL ALL BOOKED"},"content":{"rendered":"","protected":false},"excerpt":{"rendered":"<p>Bolsa de algod\u00f3n reutilizable (38x42cm) de asa larga con dise\u00f1o navide\u00f1o muy especial.<\/p>\n","protected":false},"featured_media":12491,"template":"","meta":{"_joinchat":[]},"product_brand":[],"product_cat":[456,470],"product_tag":[],"class_list":{"0":"post-12489","1":"product","2":"type-product","3":"status-publish","4":"has-post-thumbnail","6":"product_cat-navidad","7":"product_cat-complementos-navidad","9":"first","10":"instock","11":"taxable","12":"shipping-taxable","13":"purchasable","14":"product-type-simple"},"yoast_head":"<!-- This site is optimized with the Yoast SEO plugin v24.2 - https:\/\/yoast.com\/wordpress\/plugins\/seo\/ -->\n<title>TOTEBAG NATURAL ALL BOOKED - La Sonrisa de Sienna<\/title>\n<meta name=\"robots\" content=\"index, follow, max-snippet:-1, max-image-preview:large, max-video-preview:-1\" \/>\n<link rel=\"canonical\" href=\"https:\/\/www.lasonrisadesienna.es\/tienda\/product\/totebag-natural-all-booked\/\" \/>\n<meta property=\"og:locale\" content=\"es_ES\" \/>\n<meta property=\"og:type\" content=\"article\" \/>\n<meta property=\"og:title\" content=\"TOTEBAG NATURAL ALL BOOKED - La Sonrisa de Sienna\" \/>\n<meta property=\"og:description\" content=\"Bolsa de algod\u00f3n reutilizable (38x42cm) de asa larga con dise\u00f1o navide\u00f1o muy especial.\" \/>\n<meta property=\"og:url\" content=\"https:\/\/www.lasonrisadesienna.es\/tienda\/product\/totebag-natural-all-booked\/\" \/>\n<meta property=\"og:site_name\" content=\"La Sonrisa de Sienna\" \/>\n<meta property=\"article:publisher\" content=\"https:\/\/www.facebook.com\/lasonrisadesienna\/\" \/>\n<meta property=\"article:modified_time\" content=\"2023-11-05T14:20:15+00:00\" \/>\n<meta property=\"og:image\" content=\"https:\/\/www.lasonrisadesienna.es\/tienda\/wp-content\/uploads\/2023\/11\/TOTEBAG-ALL-BOOKED.jpg\" \/>\n\t<meta property=\"og:image:width\" content=\"800\" \/>\n\t<meta property=\"og:image:height\" content=\"800\" \/>\n\t<meta property=\"og:image:type\" content=\"image\/jpeg\" \/>\n<meta name=\"twitter:card\" content=\"summary_large_image\" \/>\n<script type=\"application\/ld+json\" class=\"yoast-schema-graph\">{\"@context\":\"https:\/\/schema.org\",\"@graph\":[{\"@type\":\"WebPage\",\"@id\":\"https:\/\/www.lasonrisadesienna.es\/tienda\/product\/totebag-natural-all-booked\/\",\"url\":\"https:\/\/www.lasonrisadesienna.es\/tienda\/product\/totebag-natural-all-booked\/\",\"name\":\"TOTEBAG NATURAL ALL BOOKED - La Sonrisa de Sienna\",\"isPartOf\":{\"@id\":\"https:\/\/www.lasonrisadesienna.es\/tienda\/#website\"},\"primaryImageOfPage\":{\"@id\":\"https:\/\/www.lasonrisadesienna.es\/tienda\/product\/totebag-natural-all-booked\/#primaryimage\"},\"image\":{\"@id\":\"https:\/\/www.lasonrisadesienna.es\/tienda\/product\/totebag-natural-all-booked\/#primaryimage\"},\"thumbnailUrl\":\"https:\/\/www.lasonrisadesienna.es\/tienda\/wp-content\/uploads\/2023\/11\/TOTEBAG-ALL-BOOKED.jpg\",\"datePublished\":\"2023-11-04T09:06:53+00:00\",\"dateModified\":\"2023-11-05T14:20:15+00:00\",\"breadcrumb\":{\"@id\":\"https:\/\/www.lasonrisadesienna.es\/tienda\/product\/totebag-natural-all-booked\/#breadcrumb\"},\"inLanguage\":\"es\",\"potentialAction\":[{\"@type\":\"ReadAction\",\"target\":[\"https:\/\/www.lasonrisadesienna.es\/tienda\/product\/totebag-natural-all-booked\/\"]}]},{\"@type\":\"ImageObject\",\"inLanguage\":\"es\",\"@id\":\"https:\/\/www.lasonrisadesienna.es\/tienda\/product\/totebag-natural-all-booked\/#primaryimage\",\"url\":\"https:\/\/www.lasonrisadesienna.es\/tienda\/wp-content\/uploads\/2023\/11\/TOTEBAG-ALL-BOOKED.jpg\",\"contentUrl\":\"https:\/\/www.lasonrisadesienna.es\/tienda\/wp-content\/uploads\/2023\/11\/TOTEBAG-ALL-BOOKED.jpg\",\"width\":800,\"height\":800},{\"@type\":\"BreadcrumbList\",\"@id\":\"https:\/\/www.lasonrisadesienna.es\/tienda\/product\/totebag-natural-all-booked\/#breadcrumb\",\"itemListElement\":[{\"@type\":\"ListItem\",\"position\":1,\"name\":\"Portada\",\"item\":\"https:\/\/www.lasonrisadesienna.es\/tienda\/\"},{\"@type\":\"ListItem\",\"position\":2,\"name\":\"Tienda2\",\"item\":\"https:\/\/www.lasonrisadesienna.es\/tienda\/tienda2\/\"},{\"@type\":\"ListItem\",\"position\":3,\"name\":\"TOTEBAG NATURAL ALL BOOKED\"}]},{\"@type\":\"WebSite\",\"@id\":\"https:\/\/www.lasonrisadesienna.es\/tienda\/#website\",\"url\":\"https:\/\/www.lasonrisadesienna.es\/tienda\/\",\"name\":\"La Sonrisa de Sienna\",\"description\":\"\",\"publisher\":{\"@id\":\"https:\/\/www.lasonrisadesienna.es\/tienda\/#organization\"},\"potentialAction\":[{\"@type\":\"SearchAction\",\"target\":{\"@type\":\"EntryPoint\",\"urlTemplate\":\"https:\/\/www.lasonrisadesienna.es\/tienda\/?s={search_term_string}\"},\"query-input\":{\"@type\":\"PropertyValueSpecification\",\"valueRequired\":true,\"valueName\":\"search_term_string\"}}],\"inLanguage\":\"es\"},{\"@type\":\"Organization\",\"@id\":\"https:\/\/www.lasonrisadesienna.es\/tienda\/#organization\",\"name\":\"La Sonrisa de Sienna\",\"url\":\"https:\/\/www.lasonrisadesienna.es\/tienda\/\",\"logo\":{\"@type\":\"ImageObject\",\"inLanguage\":\"es\",\"@id\":\"https:\/\/www.lasonrisadesienna.es\/tienda\/#\/schema\/logo\/image\/\",\"url\":\"https:\/\/www.lasonrisadesienna.es\/tienda\/wp-content\/uploads\/2020\/01\/cropped-cropped-logo-sonrisa-alta-calidad-e1580066919446.png\",\"contentUrl\":\"https:\/\/www.lasonrisadesienna.es\/tienda\/wp-content\/uploads\/2020\/01\/cropped-cropped-logo-sonrisa-alta-calidad-e1580066919446.png\",\"width\":512,\"height\":512,\"caption\":\"La Sonrisa de Sienna\"},\"image\":{\"@id\":\"https:\/\/www.lasonrisadesienna.es\/tienda\/#\/schema\/logo\/image\/\"},\"sameAs\":[\"https:\/\/www.facebook.com\/lasonrisadesienna\/\",\"https:\/\/www.pinterest.es\/lasonrisadesienna\/\",\"https:\/\/www.instagram.com\/lasonrisadesienna\/\"]}]}<\/script>\n<!-- \/ Yoast SEO plugin. -->","yoast_head_json":{"title":"TOTEBAG NATURAL ALL BOOKED - La Sonrisa de Sienna","robots":{"index":"index","follow":"follow","max-snippet":"max-snippet:-1","max-image-preview":"max-image-preview:large","max-video-preview":"max-video-preview:-1"},"canonical":"https:\/\/www.lasonrisadesienna.es\/tienda\/product\/totebag-natural-all-booked\/","og_locale":"es_ES","og_type":"article","og_title":"TOTEBAG NATURAL ALL BOOKED - La Sonrisa de Sienna","og_description":"Bolsa de algod\u00f3n reutilizable (38x42cm) de asa larga con dise\u00f1o navide\u00f1o muy especial.","og_url":"https:\/\/www.lasonrisadesienna.es\/tienda\/product\/totebag-natural-all-booked\/","og_site_name":"La Sonrisa de Sienna","article_publisher":"https:\/\/www.facebook.com\/lasonrisadesienna\/","article_modified_time":"2023-11-05T14:20:15+00:00","og_image":[{"width":800,"height":800,"url":"https:\/\/www.lasonrisadesienna.es\/tienda\/wp-content\/uploads\/2023\/11\/TOTEBAG-ALL-BOOKED.jpg","type":"image\/jpeg"}],"twitter_card":"summary_large_image","schema":{"@context":"https:\/\/schema.org","@graph":[{"@type":"WebPage","@id":"https:\/\/www.lasonrisadesienna.es\/tienda\/product\/totebag-natural-all-booked\/","url":"https:\/\/www.lasonrisadesienna.es\/tienda\/product\/totebag-natural-all-booked\/","name":"TOTEBAG NATURAL ALL BOOKED - La Sonrisa de Sienna","isPartOf":{"@id":"https:\/\/www.lasonrisadesienna.es\/tienda\/#website"},"primaryImageOfPage":{"@id":"https:\/\/www.lasonrisadesienna.es\/tienda\/product\/totebag-natural-all-booked\/#primaryimage"},"image":{"@id":"https:\/\/www.lasonrisadesienna.es\/tienda\/product\/totebag-natural-all-booked\/#primaryimage"},"thumbnailUrl":"https:\/\/www.lasonrisadesienna.es\/tienda\/wp-content\/uploads\/2023\/11\/TOTEBAG-ALL-BOOKED.jpg","datePublished":"2023-11-04T09:06:53+00:00","dateModified":"2023-11-05T14:20:15+00:00","breadcrumb":{"@id":"https:\/\/www.lasonrisadesienna.es\/tienda\/product\/totebag-natural-all-booked\/#breadcrumb"},"inLanguage":"es","potentialAction":[{"@type":"ReadAction","target":["https:\/\/www.lasonrisadesienna.es\/tienda\/product\/totebag-natural-all-booked\/"]}]},{"@type":"ImageObject","inLanguage":"es","@id":"https:\/\/www.lasonrisadesienna.es\/tienda\/product\/totebag-natural-all-booked\/#primaryimage","url":"https:\/\/www.lasonrisadesienna.es\/tienda\/wp-content\/uploads\/2023\/11\/TOTEBAG-ALL-BOOKED.jpg","contentUrl":"https:\/\/www.lasonrisadesienna.es\/tienda\/wp-content\/uploads\/2023\/11\/TOTEBAG-ALL-BOOKED.jpg","width":800,"height":800},{"@type":"BreadcrumbList","@id":"https:\/\/www.lasonrisadesienna.es\/tienda\/product\/totebag-natural-all-booked\/#breadcrumb","itemListElement":[{"@type":"ListItem","position":1,"name":"Portada","item":"https:\/\/www.lasonrisadesienna.es\/tienda\/"},{"@type":"ListItem","position":2,"name":"Tienda2","item":"https:\/\/www.lasonrisadesienna.es\/tienda\/tienda2\/"},{"@type":"ListItem","position":3,"name":"TOTEBAG NATURAL ALL BOOKED"}]},{"@type":"WebSite","@id":"https:\/\/www.lasonrisadesienna.es\/tienda\/#website","url":"https:\/\/www.lasonrisadesienna.es\/tienda\/","name":"La Sonrisa de Sienna","description":"","publisher":{"@id":"https:\/\/www.lasonrisadesienna.es\/tienda\/#organization"},"potentialAction":[{"@type":"SearchAction","target":{"@type":"EntryPoint","urlTemplate":"https:\/\/www.lasonrisadesienna.es\/tienda\/?s={search_term_string}"},"query-input":{"@type":"PropertyValueSpecification","valueRequired":true,"valueName":"search_term_string"}}],"inLanguage":"es"},{"@type":"Organization","@id":"https:\/\/www.lasonrisadesienna.es\/tienda\/#organization","name":"La Sonrisa de Sienna","url":"https:\/\/www.lasonrisadesienna.es\/tienda\/","logo":{"@type":"ImageObject","inLanguage":"es","@id":"https:\/\/www.lasonrisadesienna.es\/tienda\/#\/schema\/logo\/image\/","url":"https:\/\/www.lasonrisadesienna.es\/tienda\/wp-content\/uploads\/2020\/01\/cropped-cropped-logo-sonrisa-alta-calidad-e1580066919446.png","contentUrl":"https:\/\/www.lasonrisadesienna.es\/tienda\/wp-content\/uploads\/2020\/01\/cropped-cropped-logo-sonrisa-alta-calidad-e1580066919446.png","width":512,"height":512,"caption":"La Sonrisa de Sienna"},"image":{"@id":"https:\/\/www.lasonrisadesienna.es\/tienda\/#\/schema\/logo\/image\/"},"sameAs":["https:\/\/www.facebook.com\/lasonrisadesienna\/","https:\/\/www.pinterest.es\/lasonrisadesienna\/","https:\/\/www.instagram.com\/lasonrisadesienna\/"]}]}},"_links":{"self":[{"href":"https:\/\/www.lasonrisadesienna.es\/tienda\/wp-json\/wp\/v2\/product\/12489","targetHints":{"allow":["GET"]}}],"collection":[{"href":"https:\/\/www.lasonrisadesienna.es\/tienda\/wp-json\/wp\/v2\/product"}],"about":[{"href":"https:\/\/www.lasonrisadesienna.es\/tienda\/wp-json\/wp\/v2\/types\/product"}],"version-history":[{"count":0,"href":"https:\/\/www.lasonrisadesienna.es\/tienda\/wp-json\/wp\/v2\/product\/12489\/revisions"}],"wp:featuredmedia":[{"embeddable":true,"href":"https:\/\/www.lasonrisadesienna.es\/tienda\/wp-json\/wp\/v2\/media\/12491"}],"wp:attachment":[{"href":"https:\/\/www.lasonrisadesienna.es\/tienda\/wp-json\/wp\/v2\/media?parent=12489"}],"wp:term":[{"taxonomy":"product_brand","embeddable":true,"href":"https:\/\/www.lasonrisadesienna.es\/tienda\/wp-json\/wp\/v2\/product_brand?post=12489"},{"taxonomy":"product_cat","embeddable":true,"href":"https:\/\/www.lasonrisadesienna.es\/tienda\/wp-json\/wp\/v2\/product_cat?post=12489"},{"taxonomy":"product_tag","embeddable":true,"href":"https:\/\/www.lasonrisadesienna.es\/tienda\/wp-json\/wp\/v2\/product_tag?post=12489"}],"curies":[{"name":"wp","href":"https:\/\/api.w.org\/{rel}","templated":true}]}}